{"id":923,"date":"2020-08-06T11:08:10","date_gmt":"2020-08-06T11:08:10","guid":{"rendered":"https:\/\/centredartamatller.com\/privacy-policy\/"},"modified":"2023-04-19T18:01:40","modified_gmt":"2023-04-19T18:01:40","slug":"politica-de-privacidad","status":"publish","type":"page","link":"https:\/\/centredartamatller.com\/es\/politica-de-privacidad\/","title":{"rendered":"Pol\u00edtica de privacidad"},"content":{"rendered":"<p>En caso de que nos facilite datos suyos de car\u00e1cter personal, estos ser\u00e1n tratados por AMATLLER MUBA PDG41, S.L., y le informamos que disponemos de las medidas t\u00e9cnicas y organizativas necesarias tal y como establece el Reglamento General de Protecci\u00f3n de Datos (UE) 2016\/679.<\/p>\n<p>El uso que se har\u00e1 de sus datos ser\u00e1 enviarle la informaci\u00f3n o llevar a cabo el servicio que haya solicitado y, si lo autoriza, enviarle comunicados posteriores sobre novedades de MUSEU DIGITAL DE LA CASA AMATLLER, sin que sus datos sean nunca cedidos a terceros.<\/p>\n<p>El responsable del tratamiento es AMATLLER MUBA PDG41, S.L., titular del sitio web. AMATLLER MUBA PDG41, S.L., podr\u00e1 contratar a otras empresas para prestar los servicios acordados con el usuario, pero siempre con total garant\u00eda de confidencialidad y seguridad en el tratamiento de los datos.<\/p>\n<p>De conformidad con el art\u00edculo 13 del Reglamento, le informamos que puede ejercer sus derechos de acceso, cancelaci\u00f3n, rectificaci\u00f3n u oposici\u00f3n en cualquier momento enviando un mail a info@casaamatller.com o enviando un escrito a nuestras oficinas de Barcelona, Passeig de Gr\u00e0cia, 41 4\u00ba 1A, adjuntando fotocopia de su DNI o pasaporte en ambos casos para su correcta identificaci\u00f3n.<\/p>\n<p>Sus datos ser\u00e1n conservados mientras mantenga una relaci\u00f3n con MUSEU DIGITAL DE LA CASA AMATLLER y, si deja de existir esta relaci\u00f3n, durante el tiempo de prescripci\u00f3n de responsabilidades. Tambi\u00e9n se le informa de su derecho a presentar una reclamaci\u00f3n ante la Agencia Espa\u00f1ola de Protecci\u00f3n de Datos en el caso de que considere vulnerados sus derechos.<\/p>\n","protected":false},"excerpt":{"rendered":"<p>En caso de que nos facilite datos suyos de car\u00e1cter personal, estos ser\u00e1n tratados por AMATLLER MUBA PDG41, S.L., y&#8230;<\/p>\n","protected":false},"author":1,"featured_media":0,"parent":0,"menu_order":0,"comment_status":"closed","ping_status":"open","template":"","meta":{"_acf_changed":false,"footnotes":""},"class_list":["post-923","page","type-page","status-publish","hentry"],"acf":[],"yoast_head":"<!-- This site is optimized with the Yoast SEO plugin v27.3 - https:\/\/yoast.com\/product\/yoast-seo-wordpress\/ -->\n<title>Pol\u00edtica de privacidad - Centre d&#039;Art Amatller<\/title>\n<meta name=\"robots\" content=\"index, follow, max-snippet:-1, max-image-preview:large, max-video-preview:-1\" \/>\n<link rel=\"canonical\" href=\"https:\/\/centredartamatller.com\/politica-de-privacitat\/\" \/>\n<meta property=\"og:locale\" content=\"es_ES\" \/>\n<meta property=\"og:type\" content=\"article\" \/>\n<meta property=\"og:title\" content=\"Pol\u00edtica de privacidad - Centre d&#039;Art Amatller\" \/>\n<meta property=\"og:description\" content=\"En caso de que nos facilite datos suyos de car\u00e1cter personal, estos ser\u00e1n tratados por AMATLLER MUBA PDG41, S.L., y...\" \/>\n<meta property=\"og:url\" content=\"https:\/\/centredartamatller.com\/politica-de-privacitat\/\" \/>\n<meta property=\"og:site_name\" content=\"Centre d&#039;Art Amatller\" \/>\n<meta property=\"article:modified_time\" content=\"2023-04-19T18:01:40+00:00\" \/>\n<meta name=\"twitter:card\" content=\"summary_large_image\" \/>\n<meta name=\"twitter:label1\" content=\"Tiempo de lectura\" \/>\n\t<meta name=\"twitter:data1\" content=\"2 minutos\" \/>\n<script type=\"application\/ld+json\" class=\"yoast-schema-graph\">{\"@context\":\"https:\\\/\\\/schema.org\",\"@graph\":[{\"@type\":\"WebPage\",\"@id\":\"https:\\\/\\\/centredartamatller.com\\\/politica-de-privacitat\\\/\",\"url\":\"https:\\\/\\\/centredartamatller.com\\\/politica-de-privacitat\\\/\",\"name\":\"Pol\u00edtica de privacidad - Centre d&#039;Art Amatller\",\"isPartOf\":{\"@id\":\"https:\\\/\\\/centredartamatller.com\\\/#website\"},\"datePublished\":\"2020-08-06T11:08:10+00:00\",\"dateModified\":\"2023-04-19T18:01:40+00:00\",\"breadcrumb\":{\"@id\":\"https:\\\/\\\/centredartamatller.com\\\/politica-de-privacitat\\\/#breadcrumb\"},\"inLanguage\":\"es\",\"potentialAction\":[{\"@type\":\"ReadAction\",\"target\":[\"https:\\\/\\\/centredartamatller.com\\\/politica-de-privacitat\\\/\"]}]},{\"@type\":\"BreadcrumbList\",\"@id\":\"https:\\\/\\\/centredartamatller.com\\\/politica-de-privacitat\\\/#breadcrumb\",\"itemListElement\":[{\"@type\":\"ListItem\",\"position\":1,\"name\":\"Home\",\"item\":\"https:\\\/\\\/centredartamatller.com\\\/es\\\/\"},{\"@type\":\"ListItem\",\"position\":2,\"name\":\"Pol\u00edtica de privacidad\"}]},{\"@type\":\"WebSite\",\"@id\":\"https:\\\/\\\/centredartamatller.com\\\/#website\",\"url\":\"https:\\\/\\\/centredartamatller.com\\\/\",\"name\":\"Centre d&#039;Art Amatller\",\"description\":\"the new reference space dedicated to Modernism in Barcelona\",\"inLanguage\":\"es\"}]}<\/script>\n<!-- \/ Yoast SEO plugin. -->","yoast_head_json":{"title":"Pol\u00edtica de privacidad - Centre d&#039;Art Amatller","robots":{"index":"index","follow":"follow","max-snippet":"max-snippet:-1","max-image-preview":"max-image-preview:large","max-video-preview":"max-video-preview:-1"},"canonical":"https:\/\/centredartamatller.com\/politica-de-privacitat\/","og_locale":"es_ES","og_type":"article","og_title":"Pol\u00edtica de privacidad - Centre d&#039;Art Amatller","og_description":"En caso de que nos facilite datos suyos de car\u00e1cter personal, estos ser\u00e1n tratados por AMATLLER MUBA PDG41, S.L., y...","og_url":"https:\/\/centredartamatller.com\/politica-de-privacitat\/","og_site_name":"Centre d&#039;Art Amatller","article_modified_time":"2023-04-19T18:01:40+00:00","twitter_card":"summary_large_image","twitter_misc":{"Tiempo de lectura":"2 minutos"},"schema":{"@context":"https:\/\/schema.org","@graph":[{"@type":"WebPage","@id":"https:\/\/centredartamatller.com\/politica-de-privacitat\/","url":"https:\/\/centredartamatller.com\/politica-de-privacitat\/","name":"Pol\u00edtica de privacidad - Centre d&#039;Art Amatller","isPartOf":{"@id":"https:\/\/centredartamatller.com\/#website"},"datePublished":"2020-08-06T11:08:10+00:00","dateModified":"2023-04-19T18:01:40+00:00","breadcrumb":{"@id":"https:\/\/centredartamatller.com\/politica-de-privacitat\/#breadcrumb"},"inLanguage":"es","potentialAction":[{"@type":"ReadAction","target":["https:\/\/centredartamatller.com\/politica-de-privacitat\/"]}]},{"@type":"BreadcrumbList","@id":"https:\/\/centredartamatller.com\/politica-de-privacitat\/#breadcrumb","itemListElement":[{"@type":"ListItem","position":1,"name":"Home","item":"https:\/\/centredartamatller.com\/es\/"},{"@type":"ListItem","position":2,"name":"Pol\u00edtica de privacidad"}]},{"@type":"WebSite","@id":"https:\/\/centredartamatller.com\/#website","url":"https:\/\/centredartamatller.com\/","name":"Centre d&#039;Art Amatller","description":"the new reference space dedicated to Modernism in Barcelona","inLanguage":"es"}]}},"_links":{"self":[{"href":"https:\/\/centredartamatller.com\/es\/wp-json\/wp\/v2\/pages\/923","targetHints":{"allow":["GET"]}}],"collection":[{"href":"https:\/\/centredartamatller.com\/es\/wp-json\/wp\/v2\/pages"}],"about":[{"href":"https:\/\/centredartamatller.com\/es\/wp-json\/wp\/v2\/types\/page"}],"author":[{"embeddable":true,"href":"https:\/\/centredartamatller.com\/es\/wp-json\/wp\/v2\/users\/1"}],"replies":[{"embeddable":true,"href":"https:\/\/centredartamatller.com\/es\/wp-json\/wp\/v2\/comments?post=923"}],"version-history":[{"count":2,"href":"https:\/\/centredartamatller.com\/es\/wp-json\/wp\/v2\/pages\/923\/revisions"}],"predecessor-version":[{"id":925,"href":"https:\/\/centredartamatller.com\/es\/wp-json\/wp\/v2\/pages\/923\/revisions\/925"}],"wp:attachment":[{"href":"https:\/\/centredartamatller.com\/es\/wp-json\/wp\/v2\/media?parent=923"}],"curies":[{"name":"wp","href":"https:\/\/api.w.org\/{rel}","templated":true}]}}