{"id":846,"date":"2023-04-18T17:12:59","date_gmt":"2023-04-18T17:12:59","guid":{"rendered":"https:\/\/centredartamatller.com\/legal-notice\/"},"modified":"2023-04-19T18:26:05","modified_gmt":"2023-04-19T18:26:05","slug":"aviso-legal","status":"publish","type":"page","link":"https:\/\/centredartamatller.com\/es\/aviso-legal\/","title":{"rendered":"Aviso legal"},"content":{"rendered":"<p>INFORMACI\u00d3N GENERAL DE LA SEDE ELECTR\u00d3NICA www.casaamattler.com<\/p>\n<p>Has accedido a la web web de MUSEU DIGITAL DE LA CASA AMATLLER, la plataforma digital en la que podr\u00e1s visionar, escuchar y leer contenidos gratuitos y disfrutar de otro servicios profesionales.<br \/>\nEl uso y el acceso a los contenidos de esta p\u00e1gina web implica el conocimiento y la aceptaci\u00f3n de las condiciones de acceso y uso que constan en este aviso legal, as\u00ed como la pol\u00edtica de privacidad y datos personales. Estas condiciones tienen como objetivo regular el acceso, la navegaci\u00f3n y el uso y puesta en conocimiento a los usuarios de los derechos, usos, prohibiciones, responsbildades, etc., que rigen a la hora de navegar en este sitio web. El usuario se compromete a utilizar los servicios y la informaci\u00f3n facilitada en el portal bajo criterios de buena fe.<br \/>\nwww.idelbarcelona.com, a trav\u00e9s del cual se accede a la plataforma, es un dominio de AMATLLER MUBA PDG41, S.L, con CIF B67621151 y domicilio social en Passeig de Gr\u00e0cia, 41 4\u00ba 1A (08007 BARCELONA). Mediante el dominio www.casaamattler.com, la empresa gestiona su portal web, sin perjuicio que, puntualmente o de manera permanente, pueda haber otras direcciones electr\u00f3nicas que tambi\u00e9n permitan acceder a los contenidos y servicios prestados a trav\u00e9s del sitio webwww.casaamattler.com.<\/p>\n<p>ACCESO DE LOS USUARIOS<\/p>\n<p>El acceso y\/o uso de este sitio web atribuye la condici\u00f3n de usuario. El acceso incial al portal es gratuito. Aun as\u00ed, puede haber funcionalidades o servicios sujetos al pago de un precio en las condiciones que en cada caso se establezcan.<br \/>\nEn el caso que para utliizar determinadas funciones o servicios se requiera el registro del usuario, este registro se efectuar\u00e1 mediante formularios de recogida de datos y sujeto a las prevenciones de la legislaci\u00f3n de protecci\u00f3n de datos personales que se describen en este aviso legal.<br \/>\nPara utilizar el portal los menores de edad tendr\u00e1n que disponer del permiso de los padres, madres o representantes legales, que ser\u00e1n los responsables.<\/p>\n<p>PROTECCI\u00d3N DE LOS DERECHOS DE PROPIEDAD INTELECTUAL Y INDUSTRIAL Y RESERVA DE DERECHOS<\/p>\n<p>Los derechos de explotaci\u00f3n de la propiedad intelectual y industrial del portal www.casaamattler.com son titularidad de AMATLLER MUBA PDG41, S.L, esto incluye los contenidos, v\u00eddeos, audios, textos, dise\u00f1os, fotograf\u00edas, bases de datos, im\u00e1genes y otros elementos gr\u00e1ficos, su c\u00f3digo fuente, dise\u00f1o, estructura de navegaci\u00f3n, informaciones, as\u00ed como cualquier otra creaci\u00f3n protegida por las leyes estatales y los tratados internacionales sobre propiedad intelectual y industrial. Por tanto, corresponde a AMATLLER MUBA PDG41, S.L, el ejercicio en exclusiva de los derechos de explotaci\u00f3n en cualquier forma y, en concreto, de los derechos de reproducci\u00f3n, distribuci\u00f3n, comunicaci\u00f3n p\u00fablica y transformaci\u00f3n. Cualquier uso o reproducci\u00f3n que los usuarios hagan de este contenido o de otros que se puedan incluir en el futuro, hay que hacerlos siguiendo las previsiones y respetando las limitaciones de la normativa de propiedad intelectual y en cualquier caso con la autorizaci\u00f3n de AMATLLER MUBA PDG41, S.L, sin perjuicio de los l\u00edmites que establece el Real Decreto 1\/1996, del 12 de abril, por el cual se aprueba el texto refundido de la Ley de propiedad intelectual.<br \/>\nMUSEU DIGITAL DE LA CASA AMATLLER hace expl\u00edcita una reserva de derechos con car\u00e0cter general respeto del conjunto de los contenidos difundidos en el sitio web que son objeto de propiedad intelectual y industrial. En ning\u00fan caso se entender\u00e1 que el hecho de permitir a los usuarios el acceso a la p\u00e1gina web implica una renuncia, transmisi\u00f3n, licencia o cesi\u00f3n, total ni parcial, de estos derechos por parte de MUSEU DIGITAL DE LA CASA AMATLLER.<br \/>\nNo se autoriza en ning\u00fan caso:<br \/>\n-La presentaci\u00f3n de una p\u00e1gina del portal www.casaamattler.com o cualquier contenido de esta p\u00e1gina en ninguna web que no pertenezca a MUSEU DIGITAL DE LA CASA AMATLLER por medio de cualquier t\u00e9cnica o procedimiento, incluyendo framing, in line, linking, etc.<br \/>\n-La extracci\u00f3n de elementos del sitio web que cause perjuicio a MUSEU DIGITAL DE LA CASA AMATLLER de acuerdo con las disposiciones vigentes.<br \/>\n-El uso comercial de los contenidos del sitio web www.casaamattler.com.<br \/>\n-El uso de marcas o signos distintivos, logotipos, combinaciones de colores, estructura, dise\u00f1o, y en general, s\u00edmbolos distintivos de cualquier naturaleza, propiedad de MUSEU DIGITAL DE LA CASA AMATLLER, sin el conocimineto y la autorizaci\u00f3n correspondiente de la empresa.<br \/>\n-El uso de contenidos en actividades il\u00edcitas, ilegales o contrarias a la buena fe y el orden p\u00fablico.<br \/>\n-Difundir contenidos o propaganda de car\u00e1cter racista o xen\u00f3fobo, pornogr\u00e1fico, ilegal o que atente contra los derechos humanos.<br \/>\n-Provocar da\u00f1os en los sistemas f\u00edsicos y l\u00f3gicos de MUSEU DIGITAL DE LA CASA AMATLLER, de sus proveidores o de terceras personas; introducir o difundir en las redes virus inform\u00e1ticos o otros sistemas f\u00edsicos o l\u00f3gicos que sean susceptibles de provocar da\u00f1os anteriormente mencionados.<br \/>\n-Intentar acceder y, en su caso, utilizar las cuentas de correo electr\u00f3nico de otros usuarios y modificar o manipular sus mensajes. El usuario podr\u00e1 visualizar los contenidos de este portal, y copiarlos, imprimirlos en su ordenador o cualquier otro soporte solo para su uso personal y privado.<\/p>\n<p>RESPONSABILIDAD EN RELACI\u00d3N A LOS CONTENIDOS<\/p>\n<p>MUSEU DIGITAL DE LA CASA AMATLLER se reserva el derecho de modificar los contenidos del web y de eliminarlos, as\u00ed como tambi\u00e9n de limitar o impedir el acceso al web, ya sea temporalmente o de manera definitiva, sin notificaci\u00f3n previa. Los contenidos disponibles a trav\u00e9s de www.casaamattler.com son puestos a disposici\u00f3n del usuario por MUSEU DIGITAL DE LA CASA AMATLLER a partir de informaciones generadas por ella misma o procedentes de terceros. MUSEU DIGITAL DE LA CASA AMATLLER procura que estos contenidos sean de la mayor calidad posible y est\u00e9n razonablemente actualizados, pero no garantiza la utilidad, idoneidad, exactitud, exhaustividad, pertinencia y\/o actualidad. El usuario puede dirigirse a MUSEU DIGITAL DE LA CASA AMATLLER para contrastar la exactitud y actualidad de los contenidos a trav\u00e9s de la direcci\u00f3n de correo electr\u00f3nico info@casaamattler.com. En consecuencia, y salvo lo que disponen las normas imperativas que sean aplicables, MUSEU DIGITAL DE LA CASA AMATLLER no asume ninguna responsabilidad ante el usuario, derivada de la existencia de informaciones err\u00f3neas, inexactas, no exhaustivas, impertinentes o no actualizadas.<br \/>\nMUSEU DIGITAL DE LA CASA AMATLLER no se hace responsable del acceso t\u00e9cnico, la informaci\u00f3n o de los contenidos de otras p\u00e1ginas web a las cuales remite o con las que se pueda enlazar desde el portal www.casaamattler.com<br \/>\nMUSEU DIGITAL DE LA CASA AMATLLER no se identifica necesariamente con las opiniones expresadas por sus colaboradores.<\/p>\n<p>DERECHO DE EXCLUSI\u00d3N<\/p>\n<p>MUSEU DIGITAL DE LA CASA AMATLLER se reserva el derecho de denegar o retirar el acceso a sus websites y\/o los servicios ofrecidos sin necesidad de aviso previo, a instancia propia o de un tercero, a aquellos usuarios que incumplan las condiciones establecidas en este aviso legal.<\/p>\n<p>PARTICIPACI\u00d3N EN ACCIONES ESPEC\u00cdFICAS<\/p>\n<p>El portal www.casaamattler.com puede ofrecer acciones de participaci\u00f3n espec\u00edficas a los usuarios, tales como la presentaci\u00f3n de proyectos o propuestas relacionadas con la actividad de AMATLLER MUBA PDG41, S.L, La participaci\u00f3n en cualquier acci\u00f3n ser\u00e1 voluntaria y supondr\u00e1 la aceptaci\u00f3n de las condiciones que en cada caso se establezcan y que el usuario tendr\u00e1 que aceptar expresamente. Las acciones de participaci\u00f3n se dirigir\u00e1n, b\u00e1sicamente, a los mayores de 18 a\u00f1os.<br \/>\nTodos los contenidos generados por los usuarios o que incluyan voluntariamente en las acciones de participaci\u00f3n, se regir\u00e1n por sus condiciones espec\u00edficas. El usuario tiene que ser el propietario del contenido o bien de disponer de sus derechos de explotaci\u00f3n y, por tanto, tendr\u00e1 que haber obtenido el consentimiento de su autor. No se puede vulnerar, de ning\u00fan modo, ning\u00fan derecho de propiedad intelectual, industrial o ning\u00fan derecho exclusivo que pertenezca a terceros; por tanto, no se aceptar\u00e1n archivos que vulneren las leyes de propiedad intelectual vigentes en todo momento.<\/p>\n<p>REDES SOCIALES Y FORUMS<\/p>\n<p>El portal www.casaamattler.com dispone de funcionalidades de acceso a redes sociales (facebook, twitter, etc.) y secciones de car\u00e1cter p\u00fablico, entendiendo como tales aquellas que son accessibles para todos los usuarios para interactuar con posibilidad de inserir comentarios, enlaces, elementos multimedia, im\u00e1genes, etc. En determinados casos se podr\u00e1 solicitar el registro del usuario.<br \/>\nEn relaci\u00f3n a los contenidos y interacciones que el usuario decide enviar o efectuar, se establecen las siguientes condiciones de uso y acceso:<br \/>\nResponsabilidades: MUSEU DIGITAL DE LA CASA AMATLLER no se hace responsable del contenido de los mensajes, informaciones, opiniones que efect\u00faen los usuarios y se reserva el derecho de impedir el acceso a contenidos il\u00edcitos o ileg\u00edtimos o que puedan perjudicar derechos leg\u00edtimos de cualquier tipo, o de retirar o eliminar los que se hayan aportado, en especial en caso de incumplimiento de estas condiciones.<br \/>\nNo atribuir\u00e1 al usuario ning\u00fan derecho, y su uso estar\u00e1 sujeto a la legislaci\u00f3n vigente y, en el caso de las redes sociales, a las condiciones de las mismas redes.<br \/>\nPropiedad intelectual: MUSEU DIGITAL DE LA CASA AMATLLER tendr\u00e1 derecho a reproducir, modificar, adaptar y publicar, incluyendo la comunicaci\u00f3n p\u00fablica, los contenidos, ya sean textos, fotograf\u00edas, gr\u00e1ficos, etc., con el objetivo de promover la secci\u00f3n a la que se han enviado, as\u00ed como para usarlos en las actividades de MUSEU DIGITAL DE LA CASA AMATLLER, en cualquier formato y soporte. La licencia es gratuita y se establece por el tiempo hasta su paso al dominio p\u00fablico que permita en cada momento la legislaci\u00f3n de propiedad intelectual vigente. Los usuarios solo enviar\u00e1n contenidos de los que sean los autores originales o dispongan de los derechos del titular, sin perjuicio de informar de la URL del propietario para enlazar con este contenido.<br \/>\nMUSEU DIGITAL DE LA CASA AMATLLER no devolver\u00e1 ning\u00fan contenido enviado ni adquiere ninguna obligaci\u00f3n de contestar a los usuarios.<br \/>\nLos datos personales que consten a la funcionalidad afectada y sus contenidos no se pueden utilizar en beneficio o en usos que no hayan sido autorizados expresamente por su titular. El usuario responder\u00e1 de la veracidad de los datos facilitados.<br \/>\nLos usuarios respetar\u00e1n las opiniones de los otros usuarios o participantes, y se abstendr\u00e1n de utilizar un lenguaje ofensivo o difamatorio, racista o violento o que atente contra la legalidad vigente.<br \/>\nNo se podr\u00e1n hacer comunicaciones comerciales ni no autorizadas.<br \/>\nEs preciso advertir que los datos personales que faciliten los usuarios podr\u00e1n ser vistos por cualquier otro usuario o participante. Si se trata de datos de terceros, es necesario disponer de su consentimiento expreso con los l\u00edmites legales.<\/p>\n<p>POL\u00cdTICA DE COOKIES<\/p>\n<p>Por el simple hecho de visitar el portal www.casaamattler.com no queda registrado, de manera autom\u00e1tica, ning\u00fan dato de car\u00e1cter personal que identifique al usuario. No obstante, hay determinada informaci\u00f3n de car\u00e1cter no personal y no identificable con un usuario concreto que se recoge y queda grabada en los servidores de MUSEU DIGITAL DE LA CASA AMATLLER con el \u00fanico objeto de facilitar la navegaci\u00f3n del usuario y mejorar la gesti\u00f3n del sitio web. Esta informaci\u00f3n queda recogida a trav\u00e9s de archivos com\u00fanmente denominados cookies, que permiten dejar constancia de datos como por ejemplo el tipos de navegador de Internet del usuario, su sistema operativo, la direcci\u00f3n IP desde la cual se accede al sitio web, sus preferencias en cuanto a la disposici\u00f3n de los contenidos en la p\u00e1gina web, recordar la contrase\u00f1a o elaborar consultas m\u00e1s r\u00e1pidas. La informaci\u00f3n es \u00fanicamente para uso particular de MUSEU DIGITAL DE LA CASA AMATLLER: no revelamos ni compartimos esta informaci\u00f3n con terceros.<br \/>\nEn todo caso, el usuario tiene la posibilidad de configurar su navegador para que \u00e9ste le avise de la recepci\u00f3n de cookies y para impedir la instalaci\u00f3n en el disco duro de su ordenador. Al modificar la configuraci\u00f3n de su navegador, el usuario puede aceptar o rehusar todos los cookies y pedir que se le notifique la instalaci\u00f3n de cada una de ellas con car\u00e1cter previo.<\/p>\n<p>MODIFICACI\u00d3N DEL AVISO LEGAL<\/p>\n<p>MUSEU DIGITAL DE LA CASA AMATLLER se reserva el derecho de modificaci\u00f3n unilateral de las condiciones establecidas en este aviso legal en cualquier momento, en su totalidad o parcialmente. La modificaci\u00f3n tiene efectos desde su publicaci\u00f3n en la p\u00e1gina web; m\u00e1s concretamente, desde su inserci\u00f3n en el link \u201cAviso Legal\u201d.<br \/>\nMUSEU DIGITAL DE LA CASA AMATLLER aconseja que cada vez que los usuarios accedan a la p\u00e1gina web lean este aviso legal.<\/p>\n<p>GENERALIDADES<\/p>\n<p>MUSEU DIGITAL DE LA CASA AMATLLER perseguir\u00e1 el incumplimiento de estas condiciones as\u00ed como cualquier utilizaci\u00f3n indebida de sus sitios web ejerciendo todas las acciones civiles y penales que le puedan corresponder por derecho.<br \/>\nMUSEU DIGITAL DE LA CASA AMATLLER no puede garantizar que el portal y el servidor est\u00e9n libres de virus, motivo por el cual no se hace responsable de los da\u00f1os o perjuicios que se puedan causar por estas anomal\u00edas o cualquier otra de \u00edndole t\u00e9cnica.<\/p>\n<p>LEGISLACI\u00d3N APLICABLE Y JURISDICCI\u00d3N<\/p>\n<p>Los litigios derivados de la aplicaci\u00f3n de las condiciones de este aviso legal se regir\u00e1n por la Ley espa\u00f1ola. MUSEU DIGITAL DE LA CASA AMATLLER y el usuario, con la renuncia expresa a cualquier otro fuero, se someten a los de los juzgados y tribunales de la ciudad de Barcelona.<br \/>\nPara el caso de litigios en materia de contrataci\u00f3n electr\u00f3nica a trav\u00e9s del dominio info@casaamatller.com, MUSEU DIGITAL DE LA CASA AMATLLERs y el usuario, con la renuncia expresa a cualquier fuero, se someten a los juzgados y tribunales del domicilio del usuario. En el caso que el usuario tenga su domicilio fuera de Espa\u00f1a MUSEU DIGITAL DE LA CASA AMATLLER y el usuario se someten, con la renuncia expresa a cualquier otro fuero, a los juzgados y tribunales de la ciudad de Barcelona.<\/p>\n<p>AVISO LEGAL<\/p>\n<p>PROTECCI\u00d3N DE DATOS<\/p>\n<p>En caso de que nos facilite datos suyos de car\u00e1cter personal, \u00e9stos ser\u00e1n tratados por AMATLLER MUBA PDG41, S.L. y le informamos que disponemos de las medidas t\u00e9cnicas y organizativas necesarias tal y como establece el Reglamento General de Protecci\u00f3n de Datos (UE) 2016\/679.<br \/>\nEl uso que se har\u00e1 de sus datos ser\u00e1 enviarle la informaci\u00f3n o llevar a cabo el servicio que haya solicitado y, si lo autoriza, enviarle comunicados posteriores sobre novedades de MUSEU DIGITAL DE LA CASA AMATLLER, sin que sus datos sean nunca cedidos a terceros.<br \/>\nEl responsable del tratamiento es AMATLLER MUBA PDG41, S.L, titular del sitio web. AMATLLER MUBA PDG41, S.L, podr\u00e1 contratar a otras empresas para prestar los servicios acordados con el usuario, pero siempre con total garant\u00eda de confidencialidad y seguridad en el tratamiento de los datos.<br \/>\nDe conformidad con el art\u00edculo 13 del Reglamento, le informamos que puede ejercer sus derechos de acceso, cancelaci\u00f3n, rectificaci\u00f3n u oposici\u00f3n en cualquier momento enviando un mail a info@casaamatller.com o enviando un escrito a nuestras oficinas de Barcelona, C\/ Doctor Trueta, 179 3\u00ba 1\u00aa adjuntando fotocopia de su DNI o pasaporte en ambos casos para su correcta identificaci\u00f3n.<br \/>\nSus datos ser\u00e1n conservados mientras mantenga una relaci\u00f3n con MUSEU DIGITAL DE LA CASA AMATLLER y si deja de existir esta relaci\u00f3n, durante el tiempo de prescripci\u00f3n de responsabilidades.<br \/>\nTambi\u00e9n se le informa de su derecho a presentar una reclamaci\u00f3n ante la Agencia Espa\u00f1ola de Protecci\u00f3n de Datos en el caso de que considere vulnerados sus derechos.<\/p>\n","protected":false},"excerpt":{"rendered":"<p>INFORMACI\u00d3N GENERAL DE LA SEDE ELECTR\u00d3NICA www.casaamattler.com Has accedido a la web web de MUSEU DIGITAL DE LA CASA AMATLLER,&#8230;<\/p>\n","protected":false},"author":1,"featured_media":0,"parent":0,"menu_order":0,"comment_status":"closed","ping_status":"closed","template":"","meta":{"_acf_changed":false,"footnotes":""},"class_list":["post-846","page","type-page","status-publish","hentry"],"acf":[],"yoast_head":"<!-- This site is optimized with the Yoast SEO plugin v27.4 - https:\/\/yoast.com\/product\/yoast-seo-wordpress\/ -->\n<title>Aviso legal - Centre d&#039;Art Amatller<\/title>\n<meta name=\"robots\" content=\"index, follow, max-snippet:-1, max-image-preview:large, max-video-preview:-1\" \/>\n<link rel=\"canonical\" href=\"https:\/\/centredartamatller.com\/avis-legal\/\" \/>\n<meta property=\"og:locale\" content=\"es_ES\" \/>\n<meta property=\"og:type\" content=\"article\" \/>\n<meta property=\"og:title\" content=\"Aviso legal - Centre d&#039;Art Amatller\" \/>\n<meta property=\"og:description\" content=\"INFORMACI\u00d3N GENERAL DE LA SEDE ELECTR\u00d3NICA www.casaamattler.com Has accedido a la web web de MUSEU DIGITAL DE LA CASA AMATLLER,...\" \/>\n<meta property=\"og:url\" content=\"https:\/\/centredartamatller.com\/avis-legal\/\" \/>\n<meta property=\"og:site_name\" content=\"Centre d&#039;Art Amatller\" \/>\n<meta property=\"article:modified_time\" content=\"2023-04-19T18:26:05+00:00\" \/>\n<meta name=\"twitter:card\" content=\"summary_large_image\" \/>\n<meta name=\"twitter:label1\" content=\"Tiempo de lectura\" \/>\n\t<meta name=\"twitter:data1\" content=\"12 minutos\" \/>\n<script type=\"application\/ld+json\" class=\"yoast-schema-graph\">{\"@context\":\"https:\\\/\\\/schema.org\",\"@graph\":[{\"@type\":\"WebPage\",\"@id\":\"https:\\\/\\\/centredartamatller.com\\\/avis-legal\\\/\",\"url\":\"https:\\\/\\\/centredartamatller.com\\\/avis-legal\\\/\",\"name\":\"Aviso legal - Centre d&#039;Art Amatller\",\"isPartOf\":{\"@id\":\"https:\\\/\\\/centredartamatller.com\\\/#website\"},\"datePublished\":\"2023-04-18T17:12:59+00:00\",\"dateModified\":\"2023-04-19T18:26:05+00:00\",\"breadcrumb\":{\"@id\":\"https:\\\/\\\/centredartamatller.com\\\/avis-legal\\\/#breadcrumb\"},\"inLanguage\":\"es\",\"potentialAction\":[{\"@type\":\"ReadAction\",\"target\":[\"https:\\\/\\\/centredartamatller.com\\\/avis-legal\\\/\"]}]},{\"@type\":\"BreadcrumbList\",\"@id\":\"https:\\\/\\\/centredartamatller.com\\\/avis-legal\\\/#breadcrumb\",\"itemListElement\":[{\"@type\":\"ListItem\",\"position\":1,\"name\":\"Home\",\"item\":\"https:\\\/\\\/centredartamatller.com\\\/es\\\/\"},{\"@type\":\"ListItem\",\"position\":2,\"name\":\"Aviso legal\"}]},{\"@type\":\"WebSite\",\"@id\":\"https:\\\/\\\/centredartamatller.com\\\/#website\",\"url\":\"https:\\\/\\\/centredartamatller.com\\\/\",\"name\":\"Centre d&#039;Art Amatller\",\"description\":\"the new reference space dedicated to Modernism in Barcelona\",\"inLanguage\":\"es\"}]}<\/script>\n<!-- \/ Yoast SEO plugin. -->","yoast_head_json":{"title":"Aviso legal - Centre d&#039;Art Amatller","robots":{"index":"index","follow":"follow","max-snippet":"max-snippet:-1","max-image-preview":"max-image-preview:large","max-video-preview":"max-video-preview:-1"},"canonical":"https:\/\/centredartamatller.com\/avis-legal\/","og_locale":"es_ES","og_type":"article","og_title":"Aviso legal - Centre d&#039;Art Amatller","og_description":"INFORMACI\u00d3N GENERAL DE LA SEDE ELECTR\u00d3NICA www.casaamattler.com Has accedido a la web web de MUSEU DIGITAL DE LA CASA AMATLLER,...","og_url":"https:\/\/centredartamatller.com\/avis-legal\/","og_site_name":"Centre d&#039;Art Amatller","article_modified_time":"2023-04-19T18:26:05+00:00","twitter_card":"summary_large_image","twitter_misc":{"Tiempo de lectura":"12 minutos"},"schema":{"@context":"https:\/\/schema.org","@graph":[{"@type":"WebPage","@id":"https:\/\/centredartamatller.com\/avis-legal\/","url":"https:\/\/centredartamatller.com\/avis-legal\/","name":"Aviso legal - Centre d&#039;Art Amatller","isPartOf":{"@id":"https:\/\/centredartamatller.com\/#website"},"datePublished":"2023-04-18T17:12:59+00:00","dateModified":"2023-04-19T18:26:05+00:00","breadcrumb":{"@id":"https:\/\/centredartamatller.com\/avis-legal\/#breadcrumb"},"inLanguage":"es","potentialAction":[{"@type":"ReadAction","target":["https:\/\/centredartamatller.com\/avis-legal\/"]}]},{"@type":"BreadcrumbList","@id":"https:\/\/centredartamatller.com\/avis-legal\/#breadcrumb","itemListElement":[{"@type":"ListItem","position":1,"name":"Home","item":"https:\/\/centredartamatller.com\/es\/"},{"@type":"ListItem","position":2,"name":"Aviso legal"}]},{"@type":"WebSite","@id":"https:\/\/centredartamatller.com\/#website","url":"https:\/\/centredartamatller.com\/","name":"Centre d&#039;Art Amatller","description":"the new reference space dedicated to Modernism in Barcelona","inLanguage":"es"}]}},"_links":{"self":[{"href":"https:\/\/centredartamatller.com\/es\/wp-json\/wp\/v2\/pages\/846","targetHints":{"allow":["GET"]}}],"collection":[{"href":"https:\/\/centredartamatller.com\/es\/wp-json\/wp\/v2\/pages"}],"about":[{"href":"https:\/\/centredartamatller.com\/es\/wp-json\/wp\/v2\/types\/page"}],"author":[{"embeddable":true,"href":"https:\/\/centredartamatller.com\/es\/wp-json\/wp\/v2\/users\/1"}],"replies":[{"embeddable":true,"href":"https:\/\/centredartamatller.com\/es\/wp-json\/wp\/v2\/comments?post=846"}],"version-history":[{"count":4,"href":"https:\/\/centredartamatller.com\/es\/wp-json\/wp\/v2\/pages\/846\/revisions"}],"predecessor-version":[{"id":941,"href":"https:\/\/centredartamatller.com\/es\/wp-json\/wp\/v2\/pages\/846\/revisions\/941"}],"wp:attachment":[{"href":"https:\/\/centredartamatller.com\/es\/wp-json\/wp\/v2\/media?parent=846"}],"curies":[{"name":"wp","href":"https:\/\/api.w.org\/{rel}","templated":true}]}}